{"id":8094,"date":"2026-04-05T11:22:25","date_gmt":"2026-04-05T11:22:25","guid":{"rendered":"https:\/\/gaiimnistanbul.com\/?post_type=product&#038;p=8094"},"modified":"2026-04-05T11:22:26","modified_gmt":"2026-04-05T11:22:26","slug":"%d8%b4%d8%a7%d9%8a-%d8%a7%d9%84%d8%a3%d8%b9%d8%b4%d8%a7%d8%a8-%d8%a7%d9%84%d8%aa%d8%b1%d9%83%d9%8a-20-%d8%b8%d8%b1%d9%81","status":"publish","type":"product","link":"https:\/\/gaiimnistanbul.com\/en\/product\/%d8%b4%d8%a7%d9%8a-%d8%a7%d9%84%d8%a3%d8%b9%d8%b4%d8%a7%d8%a8-%d8%a7%d9%84%d8%aa%d8%b1%d9%83%d9%8a-20-%d8%b8%d8%b1%d9%81\/","title":{"rendered":"Turkish herbal tea \u2013 20 sachets"},"content":{"rendered":"<h2>Turkish herbal tea \u2013 20 sachets<\/h2>\n<p class=\"!text-neutral-a12 translation-block\"><strong class=\"!text-neutral-a12\">The Secret to Warmth and Energy in One Cup<\/strong><br>\nAs winter approaches, \u201cK\u0131\u015f \u00d6z\u00fc\u201d becomes the perfect companion for every home. This beverage is more than just ordinary tea; it's a concentrated blend of the finest natural herbs for which Turkish culture is renowned. It combines spicy ginger, aromatic cinnamon, turmeric, and cloves, along with other natural touches, to create a complete drink that supports your well-being.<\/p>\n<p class=\"!text-neutral-a12\"><strong class=\"!text-neutral-a12\"><b>Why would you choose the Winter Essence (K\u0131\u015f \u00d6z\u00fc) drink?<\/b><\/strong><\/p>\n<ul class=\"!text-neutral-a12\">\n<li class=\"!text-neutral-a12 translation-block\"><strong class=\"!text-neutral-a12\">Natural Immune Support:<\/strong> Carefully selected ingredients to strengthen your immune system and protect you in cold weather.<\/li>\n<li class=\"!text-neutral-a12 translation-block\"><strong class=\"!text-neutral-a12\">Rich formula:<\/strong> Contains ginger, cinnamon, turmeric, cloves, hibiscus, and many other herbs that provide multiple health benefits.<\/li>\n<li class=\"!text-neutral-a12 translation-block\"><strong class=\"!text-neutral-a12\">Quick to prepare:<\/strong> It comes in easy-to-use sachets; just add hot water and enjoy the warmth of natural herbs.<\/li>\n<li class=\"!text-neutral-a12 translation-block\"><strong class=\"!text-neutral-a12\">Unforgettable taste:<\/strong> A perfect balance of spicy and aromatic flavors that give you a feeling of freshness and calm.<\/li>\n<\/ul>\n<p class=\"!text-neutral-a12\"><strong class=\"!text-neutral-a12\">How to prepare:<\/strong><\/p>\n<ol class=\"!text-neutral-a12\">\n<li class=\"!text-neutral-a12\">Empty the \u201cWinter Essence\u201d envelope into your cup.<\/li>\n<li class=\"!text-neutral-a12\">Pour 150-200 ml of hot water.<\/li>\n<li class=\"!text-neutral-a12 translation-block\">Stir the mixture well and enjoy its aromatic scent before drinking.\n\n(You can add a teaspoon of honey to enhance the taste and benefits.)<\/li>\n<\/ol>\n<p class=\"!text-neutral-a12\"><strong class=\"!text-neutral-a12\">Specifications:<\/strong><\/p>\n<ul class=\"!text-neutral-a12\">\n<li class=\"!text-neutral-a12 translation-block\"><strong class=\"!text-neutral-a12\">Type:<\/strong> Turkish herbal drink (K\u0131\u015f \u00d6z\u00fc).<\/li>\n<li class=\"!text-neutral-a12 translation-block\"><b>Quantity: <\/b>20 envelopes.<\/li>\n<li class=\"!text-neutral-a12 translation-block\"><strong class=\"!text-neutral-a12\">Ingredients:<\/strong> A mixture of natural herbs (ginger, cinnamon, turmeric, cloves, hibiscus, and others).<\/li>\n<li class=\"!text-neutral-a12 translation-block\"><strong class=\"!text-neutral-a12\">Usage:<\/strong> Ideal for cold days or when you feel the need to support your health.<\/li>\n<\/ul>","protected":false},"excerpt":{"rendered":"<p class=\"!text-neutral-a12\">Get ready for winter with Turkish \u201cWinter Essence\u201d infusion. A unique natural blend of herbs (ginger, cinnamon, turmeric, and cloves) designed to warm you, comfort you, and boost your immune system with every cup.<\/p>","protected":false},"featured_media":8095,"comment_status":"open","ping_status":"closed","template":"","meta":{"om_disable_all_campaigns":false,"_uag_custom_page_level_css":"","_monsterinsights_skip_tracking":false,"_monsterinsights_sitenote_active":false,"_monsterinsights_sitenote_note":"","_monsterinsights_sitenote_category":0,"site-sidebar-layout":"default","site-content-layout":"","ast-site-content-layout":"default","site-content-style":"default","site-sidebar-style":"default","ast-global-header-display":"","ast-banner-title-visibility":"","ast-main-header-display":"","ast-hfb-above-header-display":"","ast-hfb-below-header-display":"","ast-hfb-mobile-header-display":"","site-post-title":"","ast-breadcrumbs-content":"","ast-featured-img":"","footer-sml-layout":"","theme-transparent-header-meta":"default","adv-header-id-meta":"","stick-header-meta":"","header-above-stick-meta":"","header-main-stick-meta":"","header-below-stick-meta":"","astra-migrate-meta-layouts":"set","ast-page-background-enabled":"default","ast-page-background-meta":{"desktop":{"background-color":"","background-image":"","background-repeat":"repeat","background-position":"center center","background-size":"auto","background-attachment":"scroll","background-type":"","background-media":"","overlay-type":"","overlay-color":"","overlay-opacity":"","overlay-gradient":""},"tablet":{"background-color":"","background-image":"","background-repeat":"repeat","background-position":"center center","background-size":"auto","background-attachment":"scroll","background-type":"","background-media":"","overlay-type":"","overlay-color":"","overlay-opacity":"","overlay-gradient":""},"mobile":{"background-color":"","background-image":"","background-repeat":"repeat","background-position":"center center","background-size":"auto","background-attachment":"scroll","background-type":"","background-media":"","overlay-type":"","overlay-color":"","overlay-opacity":"","overlay-gradient":""}},"ast-content-background-meta":{"desktop":{"background-color":"var(--ast-global-color-5)","background-image":"","background-repeat":"repeat","background-position":"center center","background-size":"auto","background-attachment":"scroll","background-type":"","background-media":"","overlay-type":"","overlay-color":"","overlay-opacity":"","overlay-gradient":""},"tablet":{"background-color":"var(--ast-global-color-5)","background-image":"","background-repeat":"repeat","background-position":"center center","background-size":"auto","background-attachment":"scroll","background-type":"","background-media":"","overlay-type":"","overlay-color":"","overlay-opacity":"","overlay-gradient":""},"mobile":{"background-color":"var(--ast-global-color-5)","background-image":"","background-repeat":"repeat","background-position":"center center","background-size":"auto","background-attachment":"scroll","background-type":"","background-media":"","overlay-type":"","overlay-color":"","overlay-opacity":"","overlay-gradient":""}}},"pwb-brand":[],"product_brand":[],"product_cat":[28],"product_tag":[],"class_list":{"0":"post-8094","1":"product","2":"type-product","3":"status-publish","4":"has-post-thumbnail","6":"product_cat-tea","7":"desktop-align-center","8":"tablet-align-center","9":"mobile-align-center","11":"first","12":"instock","13":"sale","14":"shipping-taxable","15":"purchasable","16":"product-type-simple"},"uagb_featured_image_src":{"full":["https:\/\/gaiimnistanbul.com\/wp-content\/uploads\/2026\/04\/45-\u0634\u0627\u064a-\u0627\u0644\u0623\u0639\u0634\u0627\u0628-\u0627\u0644\u062a\u0631\u0643\u064a-\u2013-20-\u0638\u0631\u0641.png",600,800,false],"thumbnail":["https:\/\/gaiimnistanbul.com\/wp-content\/uploads\/2026\/04\/45-\u0634\u0627\u064a-\u0627\u0644\u0623\u0639\u0634\u0627\u0628-\u0627\u0644\u062a\u0631\u0643\u064a-\u2013-20-\u0638\u0631\u0641-150x150.png",150,150,true],"medium":["https:\/\/gaiimnistanbul.com\/wp-content\/uploads\/2026\/04\/45-\u0634\u0627\u064a-\u0627\u0644\u0623\u0639\u0634\u0627\u0628-\u0627\u0644\u062a\u0631\u0643\u064a-\u2013-20-\u0638\u0631\u0641-225x300.png",225,300,true],"medium_large":["https:\/\/gaiimnistanbul.com\/wp-content\/uploads\/2026\/04\/45-\u0634\u0627\u064a-\u0627\u0644\u0623\u0639\u0634\u0627\u0628-\u0627\u0644\u062a\u0631\u0643\u064a-\u2013-20-\u0638\u0631\u0641.png",600,800,false],"large":["https:\/\/gaiimnistanbul.com\/wp-content\/uploads\/2026\/04\/45-\u0634\u0627\u064a-\u0627\u0644\u0623\u0639\u0634\u0627\u0628-\u0627\u0644\u062a\u0631\u0643\u064a-\u2013-20-\u0638\u0631\u0641.png",600,800,false],"1536x1536":["https:\/\/gaiimnistanbul.com\/wp-content\/uploads\/2026\/04\/45-\u0634\u0627\u064a-\u0627\u0644\u0623\u0639\u0634\u0627\u0628-\u0627\u0644\u062a\u0631\u0643\u064a-\u2013-20-\u0638\u0631\u0641.png",600,800,false],"2048x2048":["https:\/\/gaiimnistanbul.com\/wp-content\/uploads\/2026\/04\/45-\u0634\u0627\u064a-\u0627\u0644\u0623\u0639\u0634\u0627\u0628-\u0627\u0644\u062a\u0631\u0643\u064a-\u2013-20-\u0638\u0631\u0641.png",600,800,false],"trp-custom-language-flag":["https:\/\/gaiimnistanbul.com\/wp-content\/uploads\/2026\/04\/45-\u0634\u0627\u064a-\u0627\u0644\u0623\u0639\u0634\u0627\u0628-\u0627\u0644\u062a\u0631\u0643\u064a-\u2013-20-\u0638\u0631\u0641-9x12.png",9,12,true],"depicter-thumbnail":["https:\/\/gaiimnistanbul.com\/wp-content\/uploads\/2026\/04\/45-\u0634\u0627\u064a-\u0627\u0644\u0623\u0639\u0634\u0627\u0628-\u0627\u0644\u062a\u0631\u0643\u064a-\u2013-20-\u0638\u0631\u0641-200x267.png",200,267,true],"widget-thumbnail":["https:\/\/gaiimnistanbul.com\/wp-content\/uploads\/2026\/04\/45-\u0634\u0627\u064a-\u0627\u0644\u0623\u0639\u0634\u0627\u0628-\u0627\u0644\u062a\u0631\u0643\u064a-\u2013-20-\u0638\u0631\u0641-75x75.png",75,75,true],"320w":["https:\/\/gaiimnistanbul.com\/wp-content\/uploads\/2026\/04\/45-\u0634\u0627\u064a-\u0627\u0644\u0623\u0639\u0634\u0627\u0628-\u0627\u0644\u062a\u0631\u0643\u064a-\u2013-20-\u0638\u0631\u0641-320x427.png",320,427,true],"480w":["https:\/\/gaiimnistanbul.com\/wp-content\/uploads\/2026\/04\/45-\u0634\u0627\u064a-\u0627\u0644\u0623\u0639\u0634\u0627\u0628-\u0627\u0644\u062a\u0631\u0643\u064a-\u2013-20-\u0638\u0631\u0641-480x640.png",480,640,true],"800w":["https:\/\/gaiimnistanbul.com\/wp-content\/uploads\/2026\/04\/45-\u0634\u0627\u064a-\u0627\u0644\u0623\u0639\u0634\u0627\u0628-\u0627\u0644\u062a\u0631\u0643\u064a-\u2013-20-\u0638\u0631\u0641.png",600,800,false],"yith_wcbr_logo_size":["https:\/\/gaiimnistanbul.com\/wp-content\/uploads\/2026\/04\/45-\u0634\u0627\u064a-\u0627\u0644\u0623\u0639\u0634\u0627\u0628-\u0627\u0644\u062a\u0631\u0643\u064a-\u2013-20-\u0638\u0631\u0641-500x100.png",500,100,true],"woocommerce_thumbnail":["https:\/\/gaiimnistanbul.com\/wp-content\/uploads\/2026\/04\/45-\u0634\u0627\u064a-\u0627\u0644\u0623\u0639\u0634\u0627\u0628-\u0627\u0644\u062a\u0631\u0643\u064a-\u2013-20-\u0638\u0631\u0641-300x400.png",300,400,true],"woocommerce_single":["https:\/\/gaiimnistanbul.com\/wp-content\/uploads\/2026\/04\/45-\u0634\u0627\u064a-\u0627\u0644\u0623\u0639\u0634\u0627\u0628-\u0627\u0644\u062a\u0631\u0643\u064a-\u2013-20-\u0638\u0631\u0641.png",600,800,false],"woocommerce_gallery_thumbnail":["https:\/\/gaiimnistanbul.com\/wp-content\/uploads\/2026\/04\/45-\u0634\u0627\u064a-\u0627\u0644\u0623\u0639\u0634\u0627\u0628-\u0627\u0644\u062a\u0631\u0643\u064a-\u2013-20-\u0638\u0631\u0641-100x100.png",100,100,true]},"uagb_author_info":{"display_name":"gaiimnistanbul2026@gmail.com","author_link":"https:\/\/gaiimnistanbul.com\/en\/author\/"},"uagb_comment_info":0,"uagb_excerpt":"\u0627\u0633\u062a\u0639\u062f \u0644\u0641\u0635\u0644 \u0627\u0644\u0634\u062a\u0627\u0621 \u0645\u0639 \u0645\u0634\u0631\u0648\u0628 \"\u062e\u0644\u0627\u0635\u0629 \u0627\u0644\u0634\u062a\u0627\u0621\" \u0627\u0644\u062a\u0631\u0643\u064a. \u0645\u0632\u064a\u062c \u0637\u0628\u064a\u0639\u064a \u0641\u0631\u064a\u062f \u0645\u0646 \u0627\u0644\u0623\u0639\u0634\u0627\u0628 (\u0627\u0644\u0632\u0646\u062c\u0628\u064a\u0644\u060c \u0627\u0644\u0642\u0631\u0641\u0629\u060c \u0627\u0644\u0643\u0631\u0643\u0645\u060c \u0648\u0627\u0644\u0642\u0631\u0646\u0641\u0644) \u0645\u0635\u0645\u0645 \u0644\u064a\u0645\u0646\u062d\u0643 \u0627\u0644\u062f\u0641\u0621\u060c \u0627\u0644\u0631\u0627\u062d\u0629\u060c \u0648\u064a\u0639\u0632\u0632 \u0645\u0646\u0627\u0639\u0629 \u062c\u0633\u0645\u0643 \u0641\u064a \u0643\u0644 \u0643\u0648\u0628.","brands":[],"_links":{"self":[{"href":"https:\/\/gaiimnistanbul.com\/en\/wp-json\/wp\/v2\/product\/8094","targetHints":{"allow":["GET"]}}],"collection":[{"href":"https:\/\/gaiimnistanbul.com\/en\/wp-json\/wp\/v2\/product"}],"about":[{"href":"https:\/\/gaiimnistanbul.com\/en\/wp-json\/wp\/v2\/types\/product"}],"replies":[{"embeddable":true,"href":"https:\/\/gaiimnistanbul.com\/en\/wp-json\/wp\/v2\/comments?post=8094"}],"wp:featuredmedia":[{"embeddable":true,"href":"https:\/\/gaiimnistanbul.com\/en\/wp-json\/wp\/v2\/media\/8095"}],"wp:attachment":[{"href":"https:\/\/gaiimnistanbul.com\/en\/wp-json\/wp\/v2\/media?parent=8094"}],"wp:term":[{"taxonomy":"pwb-brand","embeddable":true,"href":"https:\/\/gaiimnistanbul.com\/en\/wp-json\/wp\/v2\/pwb-brand?post=8094"},{"taxonomy":"product_brand","embeddable":true,"href":"https:\/\/gaiimnistanbul.com\/en\/wp-json\/wp\/v2\/product_brand?post=8094"},{"taxonomy":"product_cat","embeddable":true,"href":"https:\/\/gaiimnistanbul.com\/en\/wp-json\/wp\/v2\/product_cat?post=8094"},{"taxonomy":"product_tag","embeddable":true,"href":"https:\/\/gaiimnistanbul.com\/en\/wp-json\/wp\/v2\/product_tag?post=8094"}],"curies":[{"name":"wp","href":"https:\/\/api.w.org\/{rel}","templated":true}]}}