{"id":6445,"date":"2025-12-06T20:14:53","date_gmt":"2025-12-06T20:14:53","guid":{"rendered":"https:\/\/gaiimnistanbul.com\/?post_type=product&#038;p=6445"},"modified":"2026-03-31T06:20:38","modified_gmt":"2026-03-31T06:20:38","slug":"%d8%b4%d8%a7%d9%8a-%d8%a7%d9%84%d8%b4%d8%aa%d8%a7%d8%a1-%d9%83%d8%b4-%d8%aa%d8%b4%d8%a7%d9%8a","status":"publish","type":"product","link":"https:\/\/gaiimnistanbul.com\/en\/product\/%d8%b4%d8%a7%d9%8a-%d8%a7%d9%84%d8%b4%d8%aa%d8%a7%d8%a1-%d9%83%d8%b4-%d8%aa%d8%b4%d8%a7%d9%8a\/","title":{"rendered":"Winter tea <b>Y\u00f6resel Bah\u00e7em K\u0131\u015f \u00c7ay\u0131<\/b>"},"content":{"rendered":"<h3 data-start=\"117\" data-end=\"340\">Winter tea <b>Y\u00f6resel Bah\u00e7em K\u0131\u015f \u00c7ay\u0131<\/b><\/h3>\n<p data-start=\"117\" data-end=\"340\">A choice for lovers of authentic flavor, infused with a pure Turkish taste that reflects the tea traditions of the Black Sea region. It features carefully selected leaves, picked from the finest farms and dried in a way that preserves their natural flavor and high concentration.<\/p>\n<p data-start=\"342\" data-end=\"518\">When prepared, it gives you a strong, deep red cup with a warm aroma and a balanced taste that's both powerful and smooth. It's suitable for drinking throughout the day, whether in the morning as a refreshing beverage or after meals for a mood booster.<\/p>\n<h3 data-start=\"520\" data-end=\"533\"><strong data-start=\"520\" data-end=\"533\">Features:<\/strong><\/h3>\n<ul data-start=\"534\" data-end=\"686\">\n<li data-start=\"534\" data-end=\"566\">\n<p data-start=\"536\" data-end=\"566\">A strong and distinct authentic Turkish flavor<\/p>\n<\/li>\n<li data-start=\"567\" data-end=\"593\">\n<p data-start=\"569\" data-end=\"593\">High-quality tea leaves<\/p>\n<\/li>\n<li data-start=\"594\" data-end=\"630\">\n<p data-start=\"596\" data-end=\"630\">Rich color and distinctive aroma during fermentation<\/p>\n<\/li>\n<li data-start=\"631\" data-end=\"686\">\n<p data-start=\"633\" data-end=\"686\">Suitable for everyday use and can be prepared in the refrigerator or kettle.<\/p>\n<\/li>\n<\/ul>\n<p data-start=\"688\" data-end=\"798\" class=\" translation-block\"><span style=\"font-size: 19px\"><strong data-start=\"688\" data-end=\"706\">Preparation method:<\/strong><\/span><br data-start=\"706\" data-end=\"709\">Add one teaspoon per cup, and let it simmer for 10\u201312 minutes for best flavor.<\/p>","protected":false},"excerpt":{"rendered":"<p data-start=\"117\" data-end=\"340\">A choice for lovers of authentic flavor, infused with a pure Turkish taste that reflects the tea traditions of the Black Sea region. It features carefully selected leaves, picked from the finest farms and dried in a way that preserves their natural flavor and high concentration.<\/p>\n<p data-start=\"342\" data-end=\"518\">When prepared, it gives you a strong, deep red cup with a warm aroma and a balanced taste that's both powerful and smooth. It's suitable for drinking throughout the day, whether in the morning as a refreshing beverage or after meals for a mood booster.<\/p>","protected":false},"featured_media":7370,"comment_status":"open","ping_status":"closed","template":"","meta":{"om_disable_all_campaigns":false,"_uag_custom_page_level_css":"","_monsterinsights_skip_tracking":false,"_monsterinsights_sitenote_active":false,"_monsterinsights_sitenote_note":"","_monsterinsights_sitenote_category":0,"site-sidebar-layout":"default","site-content-layout":"","ast-site-content-layout":"default","site-content-style":"default","site-sidebar-style":"default","ast-global-header-display":"","ast-banner-title-visibility":"","ast-main-header-display":"","ast-hfb-above-header-display":"","ast-hfb-below-header-display":"","ast-hfb-mobile-header-display":"","site-post-title":"","ast-breadcrumbs-content":"","ast-featured-img":"","footer-sml-layout":"","theme-transparent-header-meta":"default","adv-header-id-meta":"","stick-header-meta":"","header-above-stick-meta":"","header-main-stick-meta":"","header-below-stick-meta":"","astra-migrate-meta-layouts":"set","ast-page-background-enabled":"default","ast-page-background-meta":{"desktop":{"background-color":"","background-image":"","background-repeat":"repeat","background-position":"center center","background-size":"auto","background-attachment":"scroll","background-type":"","background-media":"","overlay-type":"","overlay-color":"","overlay-opacity":"","overlay-gradient":""},"tablet":{"background-color":"","background-image":"","background-repeat":"repeat","background-position":"center center","background-size":"auto","background-attachment":"scroll","background-type":"","background-media":"","overlay-type":"","overlay-color":"","overlay-opacity":"","overlay-gradient":""},"mobile":{"background-color":"","background-image":"","background-repeat":"repeat","background-position":"center center","background-size":"auto","background-attachment":"scroll","background-type":"","background-media":"","overlay-type":"","overlay-color":"","overlay-opacity":"","overlay-gradient":""}},"ast-content-background-meta":{"desktop":{"background-color":"var(--ast-global-color-5)","background-image":"","background-repeat":"repeat","background-position":"center center","background-size":"auto","background-attachment":"scroll","background-type":"","background-media":"","overlay-type":"","overlay-color":"","overlay-opacity":"","overlay-gradient":""},"tablet":{"background-color":"var(--ast-global-color-5)","background-image":"","background-repeat":"repeat","background-position":"center center","background-size":"auto","background-attachment":"scroll","background-type":"","background-media":"","overlay-type":"","overlay-color":"","overlay-opacity":"","overlay-gradient":""},"mobile":{"background-color":"var(--ast-global-color-5)","background-image":"","background-repeat":"repeat","background-position":"center center","background-size":"auto","background-attachment":"scroll","background-type":"","background-media":"","overlay-type":"","overlay-color":"","overlay-opacity":"","overlay-gradient":""}}},"pwb-brand":[],"product_brand":[],"product_cat":[28],"product_tag":[],"class_list":{"0":"post-6445","1":"product","2":"type-product","3":"status-publish","4":"has-post-thumbnail","6":"product_cat-tea","7":"desktop-align-center","8":"tablet-align-center","9":"mobile-align-center","11":"first","12":"instock","13":"sale","14":"shipping-taxable","15":"purchasable","16":"product-type-simple"},"uagb_featured_image_src":{"full":["https:\/\/gaiimnistanbul.com\/wp-content\/uploads\/2025\/12\/\u0634\u0627\u064a-\u0627\u0644\u0632\u0647\u0631\u0627\u062a.png",600,800,false],"thumbnail":["https:\/\/gaiimnistanbul.com\/wp-content\/uploads\/2025\/12\/\u0634\u0627\u064a-\u0627\u0644\u0632\u0647\u0631\u0627\u062a-150x150.png",150,150,true],"medium":["https:\/\/gaiimnistanbul.com\/wp-content\/uploads\/2025\/12\/\u0634\u0627\u064a-\u0627\u0644\u0632\u0647\u0631\u0627\u062a-225x300.png",225,300,true],"medium_large":["https:\/\/gaiimnistanbul.com\/wp-content\/uploads\/2025\/12\/\u0634\u0627\u064a-\u0627\u0644\u0632\u0647\u0631\u0627\u062a.png",600,800,false],"large":["https:\/\/gaiimnistanbul.com\/wp-content\/uploads\/2025\/12\/\u0634\u0627\u064a-\u0627\u0644\u0632\u0647\u0631\u0627\u062a.png",600,800,false],"1536x1536":["https:\/\/gaiimnistanbul.com\/wp-content\/uploads\/2025\/12\/\u0634\u0627\u064a-\u0627\u0644\u0632\u0647\u0631\u0627\u062a.png",600,800,false],"2048x2048":["https:\/\/gaiimnistanbul.com\/wp-content\/uploads\/2025\/12\/\u0634\u0627\u064a-\u0627\u0644\u0632\u0647\u0631\u0627\u062a.png",600,800,false],"trp-custom-language-flag":["https:\/\/gaiimnistanbul.com\/wp-content\/uploads\/2025\/12\/\u0634\u0627\u064a-\u0627\u0644\u0632\u0647\u0631\u0627\u062a-9x12.png",9,12,true],"depicter-thumbnail":["https:\/\/gaiimnistanbul.com\/wp-content\/uploads\/2025\/12\/\u0634\u0627\u064a-\u0627\u0644\u0632\u0647\u0631\u0627\u062a-200x267.png",200,267,true],"widget-thumbnail":["https:\/\/gaiimnistanbul.com\/wp-content\/uploads\/2025\/12\/\u0634\u0627\u064a-\u0627\u0644\u0632\u0647\u0631\u0627\u062a.png",56,75,false],"320w":["https:\/\/gaiimnistanbul.com\/wp-content\/uploads\/2025\/12\/\u0634\u0627\u064a-\u0627\u0644\u0632\u0647\u0631\u0627\u062a-320x427.png",320,427,true],"480w":["https:\/\/gaiimnistanbul.com\/wp-content\/uploads\/2025\/12\/\u0634\u0627\u064a-\u0627\u0644\u0632\u0647\u0631\u0627\u062a-480x640.png",480,640,true],"800w":["https:\/\/gaiimnistanbul.com\/wp-content\/uploads\/2025\/12\/\u0634\u0627\u064a-\u0627\u0644\u0632\u0647\u0631\u0627\u062a.png",600,800,false],"yith_wcbr_logo_size":["https:\/\/gaiimnistanbul.com\/wp-content\/uploads\/2025\/12\/\u0634\u0627\u064a-\u0627\u0644\u0632\u0647\u0631\u0627\u062a-500x100.png",500,100,true],"woocommerce_thumbnail":["https:\/\/gaiimnistanbul.com\/wp-content\/uploads\/2025\/12\/\u0634\u0627\u064a-\u0627\u0644\u0632\u0647\u0631\u0627\u062a-300x400.png",300,400,true],"woocommerce_single":["https:\/\/gaiimnistanbul.com\/wp-content\/uploads\/2025\/12\/\u0634\u0627\u064a-\u0627\u0644\u0632\u0647\u0631\u0627\u062a.png",600,800,false],"woocommerce_gallery_thumbnail":["https:\/\/gaiimnistanbul.com\/wp-content\/uploads\/2025\/12\/\u0634\u0627\u064a-\u0627\u0644\u0632\u0647\u0631\u0627\u062a-100x100.png",100,100,true]},"uagb_author_info":{"display_name":"gaiimnistanbul2026@gmail.com","author_link":"https:\/\/gaiimnistanbul.com\/en\/author\/"},"uagb_comment_info":0,"uagb_excerpt":"\u0627\u062e\u062a\u064a\u0627\u0631 \u0639\u0634\u0651\u0627\u0642 \u0627\u0644\u0645\u0630\u0627\u0642 \u0627\u0644\u0623\u0635\u064a\u0644\u060c \u0645\u0645\u0632\u0648\u062c \u0628\u0646\u0643\u0647\u0629 \u062a\u0631\u0643\u064a\u0629 \u062e\u0627\u0644\u0635\u0629 \u062a\u0639\u0643\u0633 \u062a\u0642\u0627\u0644\u064a\u062f \u0627\u0644\u0634\u0627\u064a \u0641\u064a \u0627\u0644\u0628\u062d\u0631 \u0627\u0644\u0623\u0633\u0648\u062f. \u064a\u062a\u0645\u064a\u0632 \u0628\u0623\u0648\u0631\u0627\u0642\u0647 \u0627\u0644\u0645\u062e\u062a\u0627\u0631\u0629 \u0628\u0639\u0646\u0627\u064a\u0629\u060c \u0627\u0644\u062a\u064a \u062a\u064f\u0642\u0637\u0641 \u0645\u0646 \u0623\u0641\u0636\u0644 \u0627\u0644\u0645\u0632\u0627\u0631\u0639 \u0648\u062a\u064f\u062c\u0641\u0651\u0641 \u0628\u0637\u0631\u064a\u0642\u0629 \u062a\u062d\u0641\u0638 \u0646\u0643\u0647\u062a\u0647\u0627 \u0627\u0644\u0637\u0628\u064a\u0639\u064a\u0629 \u0648\u062a\u0631\u0643\u064a\u0632\u0647\u0627 \u0627\u0644\u0639\u0627\u0644\u064a. \u0639\u0646\u062f \u062a\u062d\u0636\u064a\u0631\u0647\u060c \u064a\u0645\u0646\u062d\u0643 \u0643\u0648\u0628\u064b\u0627 \u0642\u0648\u064a\u064b\u0627 \u0628\u0644\u0648\u0646 \u0623\u062d\u0645\u0631 \u0642\u0627\u062a\u0645 \u0648\u0631\u0627\u0626\u062d\u0629 \u062f\u0627\u0641\u0626\u0629\u060c \u0645\u0639 \u0637\u0639\u0645 \u0645\u062a\u0648\u0627\u0632\u0646 \u0628\u064a\u0646 \u0627\u0644\u0642\u0648\u0629 \u0648\u0627\u0644\u0646\u0639\u0648\u0645\u0629. \u0645\u0646\u0627\u0633\u0628 \u0644\u0644\u0634\u0631\u0628 \u0639\u0644\u0649 \u0645\u062f\u0627\u0631 \u0627\u0644\u064a\u0648\u0645\u060c \u0633\u0648\u0627\u0621 \u0641\u064a \u0627\u0644\u0635\u0628\u0627\u062d \u0643\u0645\u0634\u0631\u0648\u0628&hellip;","brands":[],"_links":{"self":[{"href":"https:\/\/gaiimnistanbul.com\/en\/wp-json\/wp\/v2\/product\/6445","targetHints":{"allow":["GET"]}}],"collection":[{"href":"https:\/\/gaiimnistanbul.com\/en\/wp-json\/wp\/v2\/product"}],"about":[{"href":"https:\/\/gaiimnistanbul.com\/en\/wp-json\/wp\/v2\/types\/product"}],"replies":[{"embeddable":true,"href":"https:\/\/gaiimnistanbul.com\/en\/wp-json\/wp\/v2\/comments?post=6445"}],"wp:featuredmedia":[{"embeddable":true,"href":"https:\/\/gaiimnistanbul.com\/en\/wp-json\/wp\/v2\/media\/7370"}],"wp:attachment":[{"href":"https:\/\/gaiimnistanbul.com\/en\/wp-json\/wp\/v2\/media?parent=6445"}],"wp:term":[{"taxonomy":"pwb-brand","embeddable":true,"href":"https:\/\/gaiimnistanbul.com\/en\/wp-json\/wp\/v2\/pwb-brand?post=6445"},{"taxonomy":"product_brand","embeddable":true,"href":"https:\/\/gaiimnistanbul.com\/en\/wp-json\/wp\/v2\/product_brand?post=6445"},{"taxonomy":"product_cat","embeddable":true,"href":"https:\/\/gaiimnistanbul.com\/en\/wp-json\/wp\/v2\/product_cat?post=6445"},{"taxonomy":"product_tag","embeddable":true,"href":"https:\/\/gaiimnistanbul.com\/en\/wp-json\/wp\/v2\/product_tag?post=6445"}],"curies":[{"name":"wp","href":"https:\/\/api.w.org\/{rel}","templated":true}]}}